{"id":265,"date":"2017-06-28T08:12:53","date_gmt":"2017-06-28T08:12:53","guid":{"rendered":"http:\/\/apli.gestionet.net\/nvl\/txapelgames\/?page_id=265"},"modified":"2017-06-28T08:12:53","modified_gmt":"2017-06-28T08:12:53","slug":"politica-de-privacidad-y-proteccion-de-dados","status":"publish","type":"page","link":"https:\/\/txapelgames.com\/es\/politica-de-privacidad-y-proteccion-de-dados\/","title":{"rendered":"Pol\u00edtica de privacidad y protecci\u00f3n de dados"},"content":{"rendered":"<p>Conforme a la Ley Org\u00e1nica 15\/1999 de Protecci\u00f3n de Datos de Car\u00e1cter Personal (LOPD) Gestionet Multimedia S.L. (en adelante el Titular) con domicilio social Pol\u00edgono Industrial Axpe, Av\u00e9nida Ribera de Axpe, n\u00ba11, Edificio A, Local 209, Erandio, Bizkaia, le informa que los datos de car\u00e1cter personal que nos proporcione por cualquier medio, incluido el correo electr\u00f3nico o los formularios del Portal, quedar\u00e1n incorporados a un fichero para su tratamiento automatizado o no automatizado, con la finalidad de proceder a atender sus solicitudes y prestar los servicios solicitados o requeridos y efectuar la facturaci\u00f3n correspondiente a los productos o servicios que haya contratado por el Portal. Adem\u00e1s el Portal emplea la tecnolog\u00eda de an\u00e1lisis estad\u00edstico \u201cGoogle Analytics\u201d. Este servicio es prestado por la compa\u00f1\u00eda Google, Inc., multinacional estadounidense con sede principal se encuentra en el 1600 Amphitheatre Parkway, Mountain View (California), CA 94043, Estados Unidos. La tecnolog\u00eda de Google Analytics utiliza cookies, mediante las cuales puede realizar an\u00e1lisis estad\u00edsticos sobre la utilizaci\u00f3n del Portal. Toda la informaci\u00f3n generada por las cookie acerca de la utilizaci\u00f3n del Portal, (que puede incluir la direcci\u00f3n IP) ser\u00e1 directamente transmitida y archivada por Google Inc., en sus servidores de Estados Unidos. El Titular te informa, con arreglo a los t\u00e9rminos de uso de Google Analytics, que Google Inc., usar\u00e1 esta informaci\u00f3n por cuenta del Titular con el prop\u00f3sito de facilitar estad\u00edsticas sobre el uso del Portal, pudiendo transmitir dicha informaci\u00f3n a terceros cuando as\u00ed lo requiera la normativa, o cuando dichos terceros traten la informaci\u00f3n por cuenta de Google Inc. Google Inc., no asociar\u00e1 la direcci\u00f3n IP del usuario del Portal con ning\u00fan otro dato del que disponga Google Inc. El usuario puede impedir el tratamiento de dicha informaci\u00f3n configurando su navegador para que rechace el uso de cookies, desactivando la instalaci\u00f3n de cookies a trav\u00e9s de las opciones de configuraci\u00f3n de su navegador.<\/p>\n<p>Le informamos que podr\u00e1 ejercer los derechos de acceso, rectificaci\u00f3n, cancelaci\u00f3n y oposici\u00f3n, mediante petici\u00f3n escrita dirigida a la direcci\u00f3n antes indicada o a trav\u00e9s del correo electr\u00f3nico gestionet@gestionet.net acompa\u00f1ado de copia de su DNI o documento oficial a fin de verificar y garantizar su identidad y proteger sus datos evitando que terceros no autorizados accedan a los mismos.<\/p>\n","protected":false},"excerpt":{"rendered":"<p>Conforme a la Ley Org\u00e1nica 15\/1999 de Protecci\u00f3n de Datos de Car\u00e1cter Personal (LOPD) Gestionet Multimedia S.L. (en adelante el Titular) con domicilio social Pol\u00edgono Industrial Axpe, Av\u00e9nida Ribera de Axpe, n\u00ba11, Edificio A, Local 209, Erandio, Bizkaia, le informa que los datos de car\u00e1cter&#8230;<\/p>\n","protected":false},"author":1,"featured_media":0,"parent":0,"menu_order":0,"comment_status":"closed","ping_status":"closed","template":"","meta":{"footnotes":""},"class_list":["post-265","page","type-page","status-publish","hentry"],"_links":{"self":[{"href":"https:\/\/txapelgames.com\/es\/wp-json\/wp\/v2\/pages\/265","targetHints":{"allow":["GET"]}}],"collection":[{"href":"https:\/\/txapelgames.com\/es\/wp-json\/wp\/v2\/pages"}],"about":[{"href":"https:\/\/txapelgames.com\/es\/wp-json\/wp\/v2\/types\/page"}],"author":[{"embeddable":true,"href":"https:\/\/txapelgames.com\/es\/wp-json\/wp\/v2\/users\/1"}],"replies":[{"embeddable":true,"href":"https:\/\/txapelgames.com\/es\/wp-json\/wp\/v2\/comments?post=265"}],"version-history":[{"count":1,"href":"https:\/\/txapelgames.com\/es\/wp-json\/wp\/v2\/pages\/265\/revisions"}],"predecessor-version":[{"id":266,"href":"https:\/\/txapelgames.com\/es\/wp-json\/wp\/v2\/pages\/265\/revisions\/266"}],"wp:attachment":[{"href":"https:\/\/txapelgames.com\/es\/wp-json\/wp\/v2\/media?parent=265"}],"curies":[{"name":"wp","href":"https:\/\/api.w.org\/{rel}","templated":true}]}}